{"id":43,"date":"2026-01-02T22:52:32","date_gmt":"2026-01-02T22:52:32","guid":{"rendered":"https:\/\/d35vjbc5iw9d1o.cloudfront.net\/about\/"},"modified":"2026-04-03T05:40:43","modified_gmt":"2026-04-03T05:40:43","slug":"about","status":"publish","type":"page","link":"https:\/\/vertexpro.company\/es\/about\/","title":{"rendered":"Nosotros"},"content":{"rendered":"<div data-elementor-type=\"wp-page\" data-elementor-id=\"43\" class=\"elementor elementor-43\">\n\t\t\t\t<div class=\"elementor-element elementor-element-2ec9d630 e-con-full e-flex e-con e-parent\" data-id=\"2ec9d630\" data-element_type=\"container\" data-e-type=\"container\">\n\t\t<div class=\"elementor-element elementor-element-496edb39 e-con-full e-flex e-con e-child\" data-id=\"496edb39\" data-element_type=\"container\" data-e-type=\"container\">\n\t\t\t\t<div class=\"elementor-element elementor-element-3353e39a elementor-widget elementor-widget-heading\" data-id=\"3353e39a\" data-element_type=\"widget\" data-e-type=\"widget\" data-widget_type=\"heading.default\">\n\t\t\t\t\t<h1 class=\"elementor-heading-title elementor-size-default\">Nosotros<\/h1>\t\t\t\t<\/div>\n\t\t\t\t<div class=\"elementor-element elementor-element-21d3c373 elementor-widget-divider--view-line elementor-widget elementor-widget-divider\" data-id=\"21d3c373\" data-element_type=\"widget\" data-e-type=\"widget\" data-widget_type=\"divider.default\">\n\t\t\t\t\t\t\t<div class=\"elementor-divider\">\n\t\t\t<span class=\"elementor-divider-separator\">\n\t\t\t\t\t\t<\/span>\n\t\t<\/div>\n\t\t\t\t\t\t<\/div>\n\t\t\t\t<div class=\"elementor-element elementor-element-4a2fa918 elementor-widget__width-initial elementor-widget elementor-widget-text-editor\" data-id=\"4a2fa918\" data-element_type=\"widget\" data-e-type=\"widget\" data-widget_type=\"text-editor.default\">\n\t\t\t\t\t\t\t\t\t<p>VertexPro LLC se fund\u00f3 con el objetivo de apoyar proyectos industriales y de construcci\u00f3n con personal t\u00e9cnico fiable y soluciones de EHS centradas en la responsabilidad medioambiental, la salud, la seguridad, el cumplimiento normativo y la continuidad operativa. Colaboramos estrechamente con nuestros clientes para comprender sus retos operativos \u00fanicos y proporcionarles personal altamente cualificado, certificado y biling\u00fce, capaz de trabajar en entornos complejos y de alto riesgo. Nuestros servicios se basan en procesos profesionales estructurados, una comunicaci\u00f3n clara y un firme compromiso con la integridad, la responsabilidad y los resultados medibles. Con este enfoque, nuestro objetivo es convertirnos en un socio estrat\u00e9gico de confianza, ayudando a las organizaciones a operar de manera eficiente y cumpliendo en todo momento con los m\u00e1s altos est\u00e1ndares normativos y de EHS.<\/p>\t\t\t\t\t\t\t\t<\/div>\n\t\t\t\t<\/div>\n\t\t<div class=\"elementor-element elementor-element-2ca5d2c0 e-con-full e-flex e-con e-child\" data-id=\"2ca5d2c0\" data-element_type=\"container\" data-e-type=\"container\" data-settings=\"{&quot;background_background&quot;:&quot;classic&quot;}\">\n\t\t\t\t<\/div>\n\t\t\t\t<\/div>\n\t\t<div class=\"elementor-element elementor-element-771db64c e-con-full e-flex e-con e-parent\" data-id=\"771db64c\" data-element_type=\"container\" data-e-type=\"container\">\n\t\t<div class=\"elementor-element elementor-element-94cc8e e-con-full e-flex e-con e-child\" data-id=\"94cc8e\" data-element_type=\"container\" data-e-type=\"container\">\n\t\t\t\t<div class=\"elementor-element elementor-element-4172f58f elementor-pagination-position-inside elementor-widget elementor-widget-image-carousel\" data-id=\"4172f58f\" data-element_type=\"widget\" data-e-type=\"widget\" data-settings=\"{&quot;slides_to_show&quot;:&quot;1&quot;,&quot;navigation&quot;:&quot;dots&quot;,&quot;pause_on_hover&quot;:&quot;no&quot;,&quot;pause_on_interaction&quot;:&quot;no&quot;,&quot;autoplay&quot;:&quot;yes&quot;,&quot;autoplay_speed&quot;:5000,&quot;infinite&quot;:&quot;yes&quot;,&quot;effect&quot;:&quot;slide&quot;,&quot;speed&quot;:500}\" data-widget_type=\"image-carousel.default\">\n\t\t\t\t\t\t\t<div class=\"elementor-image-carousel-wrapper swiper\" role=\"region\" aria-roledescription=\"carousel\" aria-label=\"Image Carousel\" dir=\"ltr\">\n\t\t\t<div class=\"elementor-image-carousel swiper-wrapper swiper-image-stretch\" aria-live=\"off\">\n\t\t\t\t\t\t\t\t<div class=\"swiper-slide\" role=\"group\" aria-roledescription=\"slide\" aria-label=\"1 de 3\" data-no-translation-aria-label=\"\"><figure class=\"swiper-slide-inner\"><img decoding=\"async\" class=\"swiper-slide-image\" src=\"https:\/\/vertexpro.company\/wp-content\/uploads\/2026\/01\/about-3.webp\" alt=\"about-3\" \/><\/figure><\/div><div class=\"swiper-slide\" role=\"group\" aria-roledescription=\"slide\" aria-label=\"2 de 3\" data-no-translation-aria-label=\"\"><figure class=\"swiper-slide-inner\"><img decoding=\"async\" class=\"swiper-slide-image\" src=\"https:\/\/vertexpro.company\/wp-content\/uploads\/2026\/01\/about-1-1.webp\" alt=\"about-1\" \/><\/figure><\/div><div class=\"swiper-slide\" role=\"group\" aria-roledescription=\"slide\" aria-label=\"3 de 3\" data-no-translation-aria-label=\"\"><figure class=\"swiper-slide-inner\"><img decoding=\"async\" class=\"swiper-slide-image\" src=\"https:\/\/vertexpro.company\/wp-content\/uploads\/2026\/01\/about-21.webp\" alt=\"about-21\" \/><\/figure><\/div>\t\t\t<\/div>\n\t\t\t\t\t\t\t\n\t\t\t\t\t\t\t\t\t<div class=\"swiper-pagination\"><\/div>\n\t\t\t\t\t\t\t\t\t<\/div>\n\t\t\t\t\t\t<\/div>\n\t\t\t\t<\/div>\n\t\t<div class=\"elementor-element elementor-element-5c54cbf4 e-con-full e-flex e-con e-child\" data-id=\"5c54cbf4\" data-element_type=\"container\" data-e-type=\"container\">\n\t\t\t\t<div class=\"elementor-element elementor-element-3349bbd0 elementor-widget elementor-widget-heading\" data-id=\"3349bbd0\" data-element_type=\"widget\" data-e-type=\"widget\" data-widget_type=\"heading.default\">\n\t\t\t\t\t<h2 class=\"elementor-heading-title elementor-size-default\">Nuestra visi\u00f3n<\/h2>\t\t\t\t<\/div>\n\t\t\t\t<div class=\"elementor-element elementor-element-fb77d95 elementor-widget__width-initial elementor-widget elementor-widget-text-editor\" data-id=\"fb77d95\" data-element_type=\"widget\" data-e-type=\"widget\" data-widget_type=\"text-editor.default\">\n\t\t\t\t\t\t\t\t\t<p>Nuestra visi\u00f3n es convertirnos en el proveedor l\u00edder de soluciones t\u00e9cnicas y de EHS (medio ambiente, salud y seguridad) en Estados Unidos. Nuestro objetivo es ser reconocidos por elevar los est\u00e1ndares de la industria en materia de seguridad, fiabilidad y calidad. Nos esforzamos por ser el socio estrat\u00e9gico preferido de las empresas que buscan eficiencia, cumplimiento normativo y personal experto para sus proyectos m\u00e1s cr\u00edticos, mediante la creaci\u00f3n de una red nacional de talentos t\u00e9cnicos especializados y la ampliaci\u00f3n continua de nuestras capacidades de servicio.<\/p>\t\t\t\t\t\t\t\t<\/div>\n\t\t\t\t<div class=\"elementor-element elementor-element-1e9515da elementor-widget elementor-widget-testimonial\" data-id=\"1e9515da\" data-element_type=\"widget\" data-e-type=\"widget\" data-widget_type=\"testimonial.default\">\n\t\t\t\t\t\t\t<div class=\"elementor-testimonial-wrapper\">\n\t\t\t\t\t\t\t<div class=\"elementor-testimonial-content\"><i>\u00abElevando los est\u00e1ndares. Protegiendo a las personas. Impulsando el progreso\u00bb.<\/i><\/div>\n\t\t\t\n\t\t\t\t\t<\/div>\n\t\t\t\t\t\t<\/div>\n\t\t\t\t<\/div>\n\t\t\t\t<\/div>\n\t\t<div class=\"elementor-element elementor-element-6dc50d90 e-flex e-con-boxed e-con e-parent\" data-id=\"6dc50d90\" data-element_type=\"container\" data-e-type=\"container\">\n\t\t\t\t\t<div class=\"e-con-inner\">\n\t\t\t\t<div class=\"elementor-element elementor-element-459095c elementor-widget elementor-widget-heading\" data-id=\"459095c\" data-element_type=\"widget\" data-e-type=\"widget\" data-widget_type=\"heading.default\">\n\t\t\t\t\t<h2 class=\"elementor-heading-title elementor-size-default\">Hablemos sobre tu proyecto<\/h2>\t\t\t\t<\/div>\n\t\t\t\t<div class=\"elementor-element elementor-element-312f1318 elementor-widget__width-initial elementor-widget elementor-widget-text-editor\" data-id=\"312f1318\" data-element_type=\"widget\" data-e-type=\"widget\" data-widget_type=\"text-editor.default\">\n\t\t\t\t\t\t\t\t\t<p>Asesoramiento experto para sus proyectos cr\u00edticos.<\/p>\t\t\t\t\t\t\t\t<\/div>\n\t\t\t\t<div class=\"elementor-element elementor-element-3913940f elementor-align-center elementor-invisible elementor-widget elementor-widget-button\" data-id=\"3913940f\" data-element_type=\"widget\" data-e-type=\"widget\" data-settings=\"{&quot;_animation&quot;:&quot;fadeInDown&quot;}\" data-widget_type=\"button.default\">\n\t\t\t\t\t\t\t\t\t\t<a class=\"elementor-button elementor-button-link elementor-size-sm\" href=\"https:\/\/vertexpro.company\/es\/contact-us\/\">\n\t\t\t\t\t\t<span class=\"elementor-button-content-wrapper\">\n\t\t\t\t\t\t\t\t\t<span class=\"elementor-button-text\">Cont\u00e1ctanos<\/span>\n\t\t\t\t\t<\/span>\n\t\t\t\t\t<\/a>\n\t\t\t\t\t\t\t\t<\/div>\n\t\t\t\t\t<\/div>\n\t\t\t\t<\/div>\n\t\t\t\t<\/div>","protected":false},"excerpt":{"rendered":"<p>About us VertexPro LLC was founded to support industrial and construction projects with reliable technical workforce and EHS solutions focused on environmental responsibility, health, safety, regulatory compliance, and operational continuity. We partner closely with our clients to understand their unique operational challenges and provide highly trained, certified, and bilingual personnel capable of performing in complex [&hellip;]<\/p>\n","protected":false},"author":1,"featured_media":0,"parent":0,"menu_order":0,"comment_status":"closed","ping_status":"closed","template":"elementor_header_footer","meta":{"inline_featured_image":false,"footnotes":""},"class_list":["post-43","page","type-page","status-publish","hentry"],"yoast_head":"<!-- This site is optimized with the Yoast SEO Premium plugin v26.5 (Yoast SEO v27.3) - https:\/\/yoast.com\/product\/yoast-seo-premium-wordpress\/ -->\n<title>About - VertexPro LLC<\/title>\n<meta name=\"description\" content=\"Learn about VertexPro LLC, a trusted provider of technical workforce and HSE solutions focused on safety, compliance, and reliable project execution nationwide.\" \/>\n<meta name=\"robots\" content=\"index, follow, max-snippet:-1, max-image-preview:large, max-video-preview:-1\" \/>\n<link rel=\"canonical\" href=\"https:\/\/vertexpro.company\/es\/about\/\" \/>\n<meta property=\"og:locale\" content=\"es_MX\" \/>\n<meta property=\"og:type\" content=\"article\" \/>\n<meta property=\"og:title\" content=\"About\" \/>\n<meta property=\"og:description\" content=\"Learn about VertexPro LLC, a trusted provider of technical workforce and HSE solutions focused on safety, compliance, and reliable project execution nationwide.\" \/>\n<meta property=\"og:url\" content=\"https:\/\/vertexpro.company\/es\/about\/\" \/>\n<meta property=\"og:site_name\" content=\"VertexPro LLC\" \/>\n<meta property=\"article:modified_time\" content=\"2026-04-03T05:40:43+00:00\" \/>\n<meta property=\"og:image\" content=\"http:\/\/vertexpro.company\/wp-content\/uploads\/2026\/01\/about-3.webp\" \/>\n<meta name=\"twitter:card\" content=\"summary_large_image\" \/>\n<meta name=\"twitter:label1\" content=\"Tiempo de lectura\" \/>\n\t<meta name=\"twitter:data1\" content=\"2 minutos\" \/>\n<script type=\"application\/ld+json\" class=\"yoast-schema-graph\">{\"@context\":\"https:\\\/\\\/schema.org\",\"@graph\":[{\"@type\":\"WebPage\",\"@id\":\"https:\\\/\\\/vertexpro.company\\\/about\\\/\",\"url\":\"https:\\\/\\\/vertexpro.company\\\/about\\\/\",\"name\":\"About - VertexPro LLC\",\"isPartOf\":{\"@id\":\"https:\\\/\\\/vertexpro.company\\\/#website\"},\"primaryImageOfPage\":{\"@id\":\"https:\\\/\\\/vertexpro.company\\\/about\\\/#primaryimage\"},\"image\":{\"@id\":\"https:\\\/\\\/vertexpro.company\\\/about\\\/#primaryimage\"},\"thumbnailUrl\":\"http:\\\/\\\/vertexpro.company\\\/wp-content\\\/uploads\\\/2026\\\/01\\\/about-3.webp\",\"datePublished\":\"2026-01-02T22:52:32+00:00\",\"dateModified\":\"2026-04-03T05:40:43+00:00\",\"description\":\"Learn about VertexPro LLC, a trusted provider of technical workforce and HSE solutions focused on safety, compliance, and reliable project execution nationwide.\",\"breadcrumb\":{\"@id\":\"https:\\\/\\\/vertexpro.company\\\/about\\\/#breadcrumb\"},\"inLanguage\":\"es\",\"potentialAction\":[{\"@type\":\"ReadAction\",\"target\":[\"https:\\\/\\\/vertexpro.company\\\/about\\\/\"]}]},{\"@type\":\"ImageObject\",\"inLanguage\":\"es\",\"@id\":\"https:\\\/\\\/vertexpro.company\\\/about\\\/#primaryimage\",\"url\":\"http:\\\/\\\/vertexpro.company\\\/wp-content\\\/uploads\\\/2026\\\/01\\\/about-3.webp\",\"contentUrl\":\"http:\\\/\\\/vertexpro.company\\\/wp-content\\\/uploads\\\/2026\\\/01\\\/about-3.webp\"},{\"@type\":\"BreadcrumbList\",\"@id\":\"https:\\\/\\\/vertexpro.company\\\/about\\\/#breadcrumb\",\"itemListElement\":[{\"@type\":\"ListItem\",\"position\":1,\"name\":\"Home\",\"item\":\"https:\\\/\\\/vertexpro.company\\\/\"},{\"@type\":\"ListItem\",\"position\":2,\"name\":\"About\"}]},{\"@type\":\"WebSite\",\"@id\":\"https:\\\/\\\/vertexpro.company\\\/#website\",\"url\":\"https:\\\/\\\/vertexpro.company\\\/\",\"name\":\"VertexPro LLC\",\"description\":\"Engineering &amp; Technical Solutions You Can Trust\",\"publisher\":{\"@id\":\"https:\\\/\\\/vertexpro.company\\\/#organization\"},\"potentialAction\":[{\"@type\":\"SearchAction\",\"target\":{\"@type\":\"EntryPoint\",\"urlTemplate\":\"https:\\\/\\\/vertexpro.company\\\/?s={search_term_string}\"},\"query-input\":{\"@type\":\"PropertyValueSpecification\",\"valueRequired\":true,\"valueName\":\"search_term_string\"}}],\"inLanguage\":\"es\"},{\"@type\":\"Organization\",\"@id\":\"https:\\\/\\\/vertexpro.company\\\/#organization\",\"name\":\"VertexPro LLC\",\"url\":\"https:\\\/\\\/vertexpro.company\\\/\",\"logo\":{\"@type\":\"ImageObject\",\"inLanguage\":\"es\",\"@id\":\"https:\\\/\\\/vertexpro.company\\\/#\\\/schema\\\/logo\\\/image\\\/\",\"url\":\"https:\\\/\\\/vertexpro.company\\\/wp-content\\\/uploads\\\/2026\\\/01\\\/vertexpro_logo.svg\",\"contentUrl\":\"https:\\\/\\\/vertexpro.company\\\/wp-content\\\/uploads\\\/2026\\\/01\\\/vertexpro_logo.svg\",\"width\":100,\"height\":100,\"caption\":\"VertexPro LLC\"},\"image\":{\"@id\":\"https:\\\/\\\/vertexpro.company\\\/#\\\/schema\\\/logo\\\/image\\\/\"}}]}<\/script>\n<!-- \/ Yoast SEO Premium plugin. -->","yoast_head_json":{"title":"About - VertexPro LLC","description":"Learn about VertexPro LLC, a trusted provider of technical workforce and HSE solutions focused on safety, compliance, and reliable project execution nationwide.","robots":{"index":"index","follow":"follow","max-snippet":"max-snippet:-1","max-image-preview":"max-image-preview:large","max-video-preview":"max-video-preview:-1"},"canonical":"https:\/\/vertexpro.company\/es\/about\/","og_locale":"es_MX","og_type":"article","og_title":"About","og_description":"Learn about VertexPro LLC, a trusted provider of technical workforce and HSE solutions focused on safety, compliance, and reliable project execution nationwide.","og_url":"https:\/\/vertexpro.company\/es\/about\/","og_site_name":"VertexPro LLC","article_modified_time":"2026-04-03T05:40:43+00:00","og_image":[{"url":"http:\/\/vertexpro.company\/wp-content\/uploads\/2026\/01\/about-3.webp","type":"","width":"","height":""}],"twitter_card":"summary_large_image","twitter_misc":{"Tiempo de lectura":"2 minutos"},"schema":{"@context":"https:\/\/schema.org","@graph":[{"@type":"WebPage","@id":"https:\/\/vertexpro.company\/about\/","url":"https:\/\/vertexpro.company\/about\/","name":"About - VertexPro LLC","isPartOf":{"@id":"https:\/\/vertexpro.company\/#website"},"primaryImageOfPage":{"@id":"https:\/\/vertexpro.company\/about\/#primaryimage"},"image":{"@id":"https:\/\/vertexpro.company\/about\/#primaryimage"},"thumbnailUrl":"http:\/\/vertexpro.company\/wp-content\/uploads\/2026\/01\/about-3.webp","datePublished":"2026-01-02T22:52:32+00:00","dateModified":"2026-04-03T05:40:43+00:00","description":"Learn about VertexPro LLC, a trusted provider of technical workforce and HSE solutions focused on safety, compliance, and reliable project execution nationwide.","breadcrumb":{"@id":"https:\/\/vertexpro.company\/about\/#breadcrumb"},"inLanguage":"es","potentialAction":[{"@type":"ReadAction","target":["https:\/\/vertexpro.company\/about\/"]}]},{"@type":"ImageObject","inLanguage":"es","@id":"https:\/\/vertexpro.company\/about\/#primaryimage","url":"http:\/\/vertexpro.company\/wp-content\/uploads\/2026\/01\/about-3.webp","contentUrl":"http:\/\/vertexpro.company\/wp-content\/uploads\/2026\/01\/about-3.webp"},{"@type":"BreadcrumbList","@id":"https:\/\/vertexpro.company\/about\/#breadcrumb","itemListElement":[{"@type":"ListItem","position":1,"name":"Home","item":"https:\/\/vertexpro.company\/"},{"@type":"ListItem","position":2,"name":"About"}]},{"@type":"WebSite","@id":"https:\/\/vertexpro.company\/#website","url":"https:\/\/vertexpro.company\/","name":"VertexPro LLC","description":"Soluciones t\u00e9cnicas y de ingenier\u00eda en las que puede confiar","publisher":{"@id":"https:\/\/vertexpro.company\/#organization"},"potentialAction":[{"@type":"SearchAction","target":{"@type":"EntryPoint","urlTemplate":"https:\/\/vertexpro.company\/?s={search_term_string}"},"query-input":{"@type":"PropertyValueSpecification","valueRequired":true,"valueName":"search_term_string"}}],"inLanguage":"es"},{"@type":"Organization","@id":"https:\/\/vertexpro.company\/#organization","name":"VertexPro LLC","url":"https:\/\/vertexpro.company\/","logo":{"@type":"ImageObject","inLanguage":"es","@id":"https:\/\/vertexpro.company\/#\/schema\/logo\/image\/","url":"https:\/\/vertexpro.company\/wp-content\/uploads\/2026\/01\/vertexpro_logo.svg","contentUrl":"https:\/\/vertexpro.company\/wp-content\/uploads\/2026\/01\/vertexpro_logo.svg","width":100,"height":100,"caption":"VertexPro LLC"},"image":{"@id":"https:\/\/vertexpro.company\/#\/schema\/logo\/image\/"}}]}},"jetpack_sharing_enabled":true,"_links":{"self":[{"href":"https:\/\/vertexpro.company\/es\/wp-json\/wp\/v2\/pages\/43","targetHints":{"allow":["GET"]}}],"collection":[{"href":"https:\/\/vertexpro.company\/es\/wp-json\/wp\/v2\/pages"}],"about":[{"href":"https:\/\/vertexpro.company\/es\/wp-json\/wp\/v2\/types\/page"}],"author":[{"embeddable":true,"href":"https:\/\/vertexpro.company\/es\/wp-json\/wp\/v2\/users\/1"}],"replies":[{"embeddable":true,"href":"https:\/\/vertexpro.company\/es\/wp-json\/wp\/v2\/comments?post=43"}],"version-history":[{"count":79,"href":"https:\/\/vertexpro.company\/es\/wp-json\/wp\/v2\/pages\/43\/revisions"}],"predecessor-version":[{"id":1035,"href":"https:\/\/vertexpro.company\/es\/wp-json\/wp\/v2\/pages\/43\/revisions\/1035"}],"wp:attachment":[{"href":"https:\/\/vertexpro.company\/es\/wp-json\/wp\/v2\/media?parent=43"}],"curies":[{"name":"wp","href":"https:\/\/api.w.org\/{rel}","templated":true}]}}